{"id":4033,"date":"2024-07-03T14:43:25","date_gmt":"2024-07-03T19:43:25","guid":{"rendered":"https:\/\/www.medika.ec\/?page_id=4033"},"modified":"2024-07-03T15:07:30","modified_gmt":"2024-07-03T20:07:30","slug":"lutecio","status":"publish","type":"page","link":"https:\/\/www.medika.ec\/?page_id=4033","title":{"rendered":"Lutecio"},"content":{"rendered":"\t\t<div data-elementor-type=\"wp-page\" data-elementor-id=\"4033\" class=\"elementor elementor-4033\">\n\t\t\t\t\t\t<section class=\"elementor-section elementor-top-section elementor-element elementor-element-20125b2 elementor-section-full_width elementor-section-height-min-height elementor-section-stretched elementor-section-height-default elementor-section-items-middle\" data-id=\"20125b2\" data-element_type=\"section\" data-e-type=\"section\" data-settings=\"{&quot;stretch_section&quot;:&quot;section-stretched&quot;,&quot;background_background&quot;:&quot;classic&quot;}\">\n\t\t\t\t\t\t\t<div class=\"elementor-background-overlay\"><\/div>\n\t\t\t\t\t\t\t<div class=\"elementor-container elementor-column-gap-default\">\n\t\t\t\t\t<div class=\"elementor-column elementor-col-100 elementor-top-column elementor-element elementor-element-9514ac2\" data-id=\"9514ac2\" data-element_type=\"column\" data-e-type=\"column\">\n\t\t\t<div class=\"elementor-widget-wrap elementor-element-populated\">\n\t\t\t\t\t\t<div class=\"elementor-element elementor-element-033df8c elementor-widget elementor-widget-heading\" data-id=\"033df8c\" data-element_type=\"widget\" data-e-type=\"widget\" data-widget_type=\"heading.default\">\n\t\t\t\t<div class=\"elementor-widget-container\">\n\t\t\t\t\t<h2 class=\"elementor-heading-title elementor-size-default\">Lutecio<\/h2>\t\t\t\t<\/div>\n\t\t\t\t<\/div>\n\t\t\t\t\t<\/div>\n\t\t<\/div>\n\t\t\t\t\t<\/div>\n\t\t<\/section>\n\t\t\t\t<section class=\"elementor-section elementor-top-section elementor-element elementor-element-6b1d104 elementor-section-boxed elementor-section-height-default elementor-section-height-default\" data-id=\"6b1d104\" data-element_type=\"section\" data-e-type=\"section\">\n\t\t\t\t\t\t<div class=\"elementor-container elementor-column-gap-default\">\n\t\t\t\t\t<div class=\"elementor-column elementor-col-100 elementor-top-column elementor-element elementor-element-76a2180\" data-id=\"76a2180\" data-element_type=\"column\" data-e-type=\"column\">\n\t\t\t<div class=\"elementor-widget-wrap elementor-element-populated\">\n\t\t\t\t\t\t<div class=\"elementor-element elementor-element-378a7b0 elementor-widget elementor-widget-spacer\" data-id=\"378a7b0\" data-element_type=\"widget\" data-e-type=\"widget\" data-widget_type=\"spacer.default\">\n\t\t\t\t<div class=\"elementor-widget-container\">\n\t\t\t\t\t\t\t<div class=\"elementor-spacer\">\n\t\t\t<div class=\"elementor-spacer-inner\"><\/div>\n\t\t<\/div>\n\t\t\t\t\t\t<\/div>\n\t\t\t\t<\/div>\n\t\t\t\t<div class=\"elementor-element elementor-element-126ee8d elementor-widget elementor-widget-heading\" data-id=\"126ee8d\" data-element_type=\"widget\" data-e-type=\"widget\" data-widget_type=\"heading.default\">\n\t\t\t\t<div class=\"elementor-widget-container\">\n\t\t\t\t\t<h2 class=\"elementor-heading-title elementor-size-default\">Terapia y Diagn\u00f3stico<\/h2>\t\t\t\t<\/div>\n\t\t\t\t<\/div>\n\t\t\t\t<div class=\"elementor-element elementor-element-1c1db02 elementor-widget-divider--view-line elementor-widget elementor-widget-divider\" data-id=\"1c1db02\" data-element_type=\"widget\" data-e-type=\"widget\" data-widget_type=\"divider.default\">\n\t\t\t\t<div class=\"elementor-widget-container\">\n\t\t\t\t\t\t\t<div class=\"elementor-divider\">\n\t\t\t<span class=\"elementor-divider-separator\">\n\t\t\t\t\t\t<\/span>\n\t\t<\/div>\n\t\t\t\t\t\t<\/div>\n\t\t\t\t<\/div>\n\t\t\t\t\t<\/div>\n\t\t<\/div>\n\t\t\t\t\t<\/div>\n\t\t<\/section>\n\t\t\t\t<section class=\"elementor-section elementor-top-section elementor-element elementor-element-ef22ff6 elementor-section-boxed elementor-section-height-default elementor-section-height-default\" data-id=\"ef22ff6\" data-element_type=\"section\" data-e-type=\"section\">\n\t\t\t\t\t\t<div class=\"elementor-container elementor-column-gap-default\">\n\t\t\t\t\t<div class=\"elementor-column elementor-col-100 elementor-top-column elementor-element elementor-element-8259629\" data-id=\"8259629\" data-element_type=\"column\" data-e-type=\"column\">\n\t\t\t<div class=\"elementor-widget-wrap elementor-element-populated\">\n\t\t\t\t\t\t<div class=\"elementor-element elementor-element-bd880e1 elementor-widget elementor-widget-text-editor\" data-id=\"bd880e1\" data-element_type=\"widget\" data-e-type=\"widget\" data-widget_type=\"text-editor.default\">\n\t\t\t\t<div class=\"elementor-widget-container\">\n\t\t\t\t\t\t\t\t\t<p>El t\u00e9rmino teragnosis es una combinaci\u00f3n de dos palabras: terapia y diagn\u00f3stico. Con una misma mol\u00e9cula se puede diagnosticar y tratar la enfermedad. La estrategia, utilizada durante d\u00e9cadas contra el c\u00e1ncer de tiroides, se emplea ahora con resultados prometedores en otros tumores, como los tumores neuroendocrinos (TNE) y el c\u00e1ncer de pr\u00f3stata. En el caso de los TNE, la estrategia se basa en el hecho de que los TNE presentan alta concentraci\u00f3n de receptores de somatostatina en la superficie de las c\u00e9lulas que lo constituyen. As\u00ed mismo en el caso del c\u00e1ncer de pr\u00f3stata, dichas c\u00e9lulas presentan grandes cantidades de una prote\u00edna denominada PSMA.<br \/><br \/>Es as\u00ed que para realizar el diagn\u00f3stico, se emplea un an\u00e1logo de la somatostatina en el caso de los TNE o una mol\u00e9cula af\u00edn al PSMA en el caso del c\u00e1ncer de pr\u00f3stata unidas al\u00a0<sup>68<\/sup>Galio, lo cual nos va a permitir observar la distribuci\u00f3n de la enfermedad en el paciente al realizar el estudio PET-CT (tomograf\u00eda de emisi\u00f3n de positrones). Posteriormente para llevar adelante el tratamiento, las mismas mol\u00e9culas se unen a otro elemento qu\u00edmico, el lutecio-177, que emite una radiaci\u00f3n local que elimina a las c\u00e9lulas tumorales. De esta forma la Medicina Nuclear permite diagnosticar y tratar a dichos pacientes.<br \/><br \/>En CUDIM es posible llevar adelante dichas terapias teniendo experiencia reportan en centros internacionales. De esta forma hemos visto que en el caso de los TNE, la teragnosis empleando\u00a0<sup>68<\/sup>Ga\/<sup>177<\/sup>Lu\u00a0DOTATATE mejora la calidad de vida y prolongan la sobrevida. Por otro lado, en el caso de los pacientes portadores de c\u00e1ncer de pr\u00f3stata metast\u00e1sico resistente a la castraci\u00f3n, con el tratamiento con\u00a0<sup>68<\/sup>Ga\/<sup>177<\/sup>Lu PSMA\u00a0se observ\u00f3 un aumento significativo de la sobrevida de los pacientes.<br \/><br \/>La teragnosis combina la terapia y el diagn\u00f3stico en un solo enfoque. Utiliza radiotrazadores, que son compuestos qu\u00edmicos con una peque\u00f1a cantidad de material radiactivo, para visualizar y tratar enfermedades de manera precisa y personalizada. Los radiotrazadores se administran al paciente y luego se utilizan t\u00e9cnicas de imagen molecular, para detectar y visualizar la distribuci\u00f3n de los radiotrazadores en el cuerpo.<br \/><br \/>Asimismo en CUDIM se est\u00e1 investigando y desarrollando nuevas terapias basadas en emisores Alfa (\u03b1) como el\u00a0<sup>225<\/sup>Actinio.<br \/><br \/>La teragnosis con estos radiof\u00e1rmacos ofrece una opci\u00f3n de tratamiento avanzado y espec\u00edfico para ciertos tipos de tumores malignos, \u00fanica en nuestro pa\u00eds.<\/p>\t\t\t\t\t\t\t\t<\/div>\n\t\t\t\t<\/div>\n\t\t\t\t\t<\/div>\n\t\t<\/div>\n\t\t\t\t\t<\/div>\n\t\t<\/section>\n\t\t\t\t<section class=\"elementor-section elementor-top-section elementor-element elementor-element-d69e1f4 elementor-section-boxed elementor-section-height-default elementor-section-height-default\" data-id=\"d69e1f4\" data-element_type=\"section\" data-e-type=\"section\">\n\t\t\t\t\t\t<div class=\"elementor-container elementor-column-gap-default\">\n\t\t\t\t\t<div class=\"elementor-column elementor-col-100 elementor-top-column elementor-element elementor-element-f751eaa\" data-id=\"f751eaa\" data-element_type=\"column\" data-e-type=\"column\">\n\t\t\t<div class=\"elementor-widget-wrap elementor-element-populated\">\n\t\t\t\t\t\t<div class=\"elementor-element elementor-element-8558c7e elementor-widget elementor-widget-image\" data-id=\"8558c7e\" data-element_type=\"widget\" data-e-type=\"widget\" data-widget_type=\"image.default\">\n\t\t\t\t<div class=\"elementor-widget-container\">\n\t\t\t\t\t\t\t\t\t\t\t\t\t\t\t<img fetchpriority=\"high\" decoding=\"async\" width=\"1020\" height=\"510\" src=\"https:\/\/www.medika.ec\/wp-content\/uploads\/2024\/07\/cropped-Caso-Real-CUDIM-Teragnosis-noticia-31-del-3-1024x512.png\" class=\"attachment-large size-large wp-image-4035\" alt=\"\" srcset=\"https:\/\/www.medika.ec\/wp-content\/uploads\/2024\/07\/cropped-Caso-Real-CUDIM-Teragnosis-noticia-31-del-3-1024x512.png 1024w, https:\/\/www.medika.ec\/wp-content\/uploads\/2024\/07\/cropped-Caso-Real-CUDIM-Teragnosis-noticia-31-del-3-300x150.png 300w, https:\/\/www.medika.ec\/wp-content\/uploads\/2024\/07\/cropped-Caso-Real-CUDIM-Teragnosis-noticia-31-del-3-768x384.png 768w, https:\/\/www.medika.ec\/wp-content\/uploads\/2024\/07\/cropped-Caso-Real-CUDIM-Teragnosis-noticia-31-del-3.png 1163w\" sizes=\"(max-width: 1020px) 100vw, 1020px\" \/>\t\t\t\t\t\t\t\t\t\t\t\t\t\t\t<\/div>\n\t\t\t\t<\/div>\n\t\t\t\t\t<\/div>\n\t\t<\/div>\n\t\t\t\t\t<\/div>\n\t\t<\/section>\n\t\t\t\t<\/div>\n\t\t","protected":false},"excerpt":{"rendered":"<p>Lutecio Terapia y Diagn\u00f3stico El t\u00e9rmino teragnosis es una combinaci\u00f3n de dos palabras: terapia y diagn\u00f3stico. Con una misma mol\u00e9cula se puede diagnosticar y tratar la enfermedad. La estrategia, utilizada durante d\u00e9cadas contra el c\u00e1ncer de tiroides, se emplea ahora con resultados prometedores en otros tumores, como los tumores neuroendocrinos (TNE) y el c\u00e1ncer de [&#8230;]\n","protected":false},"author":1,"featured_media":0,"parent":0,"menu_order":0,"comment_status":"closed","ping_status":"closed","template":"","meta":{"footnotes":""},"class_list":["post-4033","page","type-page","status-publish","hentry"],"yoast_head":"<!-- This site is optimized with the Yoast SEO plugin v27.1.1 - https:\/\/yoast.com\/product\/yoast-seo-wordpress\/ -->\n<title>Lutecio - Medika<\/title>\n<meta name=\"robots\" content=\"index, follow, max-snippet:-1, max-image-preview:large, max-video-preview:-1\" \/>\n<link rel=\"canonical\" href=\"https:\/\/www.medika.ec\/?page_id=4033\" \/>\n<meta property=\"og:locale\" content=\"es_ES\" \/>\n<meta property=\"og:type\" content=\"article\" \/>\n<meta property=\"og:title\" content=\"Lutecio - Medika\" \/>\n<meta property=\"og:description\" content=\"Lutecio Terapia y Diagn\u00f3stico El t\u00e9rmino teragnosis es una combinaci\u00f3n de dos palabras: terapia y diagn\u00f3stico. Con una misma mol\u00e9cula se puede diagnosticar y tratar la enfermedad. La estrategia, utilizada durante d\u00e9cadas contra el c\u00e1ncer de tiroides, se emplea ahora con resultados prometedores en otros tumores, como los tumores neuroendocrinos (TNE) y el c\u00e1ncer de [...]\" \/>\n<meta property=\"og:url\" content=\"https:\/\/www.medika.ec\/?page_id=4033\" \/>\n<meta property=\"og:site_name\" content=\"Medika\" \/>\n<meta property=\"article:modified_time\" content=\"2024-07-03T20:07:30+00:00\" \/>\n<meta property=\"og:image\" content=\"https:\/\/www.medika.ec\/wp-content\/uploads\/2024\/07\/cropped-Caso-Real-CUDIM-Teragnosis-noticia-31-del-3-1024x512.png\" \/>\n<meta name=\"twitter:card\" content=\"summary_large_image\" \/>\n<meta name=\"twitter:label1\" content=\"Tiempo de lectura\" \/>\n\t<meta name=\"twitter:data1\" content=\"3 minutos\" \/>\n<script type=\"application\/ld+json\" class=\"yoast-schema-graph\">{\"@context\":\"https:\/\/schema.org\",\"@graph\":[{\"@type\":\"WebPage\",\"@id\":\"https:\/\/www.medika.ec\/?page_id=4033\",\"url\":\"https:\/\/www.medika.ec\/?page_id=4033\",\"name\":\"Lutecio - Medika\",\"isPartOf\":{\"@id\":\"https:\/\/www.medika.ec\/#website\"},\"primaryImageOfPage\":{\"@id\":\"https:\/\/www.medika.ec\/?page_id=4033#primaryimage\"},\"image\":{\"@id\":\"https:\/\/www.medika.ec\/?page_id=4033#primaryimage\"},\"thumbnailUrl\":\"https:\/\/www.medika.ec\/wp-content\/uploads\/2024\/07\/cropped-Caso-Real-CUDIM-Teragnosis-noticia-31-del-3-1024x512.png\",\"datePublished\":\"2024-07-03T19:43:25+00:00\",\"dateModified\":\"2024-07-03T20:07:30+00:00\",\"breadcrumb\":{\"@id\":\"https:\/\/www.medika.ec\/?page_id=4033#breadcrumb\"},\"inLanguage\":\"es\",\"potentialAction\":[{\"@type\":\"ReadAction\",\"target\":[\"https:\/\/www.medika.ec\/?page_id=4033\"]}]},{\"@type\":\"ImageObject\",\"inLanguage\":\"es\",\"@id\":\"https:\/\/www.medika.ec\/?page_id=4033#primaryimage\",\"url\":\"https:\/\/www.medika.ec\/wp-content\/uploads\/2024\/07\/cropped-Caso-Real-CUDIM-Teragnosis-noticia-31-del-3.png\",\"contentUrl\":\"https:\/\/www.medika.ec\/wp-content\/uploads\/2024\/07\/cropped-Caso-Real-CUDIM-Teragnosis-noticia-31-del-3.png\",\"width\":1163,\"height\":581},{\"@type\":\"BreadcrumbList\",\"@id\":\"https:\/\/www.medika.ec\/?page_id=4033#breadcrumb\",\"itemListElement\":[{\"@type\":\"ListItem\",\"position\":1,\"name\":\"Portada\",\"item\":\"https:\/\/www.medika.ec\/\"},{\"@type\":\"ListItem\",\"position\":2,\"name\":\"Lutecio\"}]},{\"@type\":\"WebSite\",\"@id\":\"https:\/\/www.medika.ec\/#website\",\"url\":\"https:\/\/www.medika.ec\/\",\"name\":\"Medika\",\"description\":\"Medical Technology\",\"potentialAction\":[{\"@type\":\"SearchAction\",\"target\":{\"@type\":\"EntryPoint\",\"urlTemplate\":\"https:\/\/www.medika.ec\/?s={search_term_string}\"},\"query-input\":{\"@type\":\"PropertyValueSpecification\",\"valueRequired\":true,\"valueName\":\"search_term_string\"}}],\"inLanguage\":\"es\"}]}<\/script>\n<!-- \/ Yoast SEO plugin. -->","yoast_head_json":{"title":"Lutecio - Medika","robots":{"index":"index","follow":"follow","max-snippet":"max-snippet:-1","max-image-preview":"max-image-preview:large","max-video-preview":"max-video-preview:-1"},"canonical":"https:\/\/www.medika.ec\/?page_id=4033","og_locale":"es_ES","og_type":"article","og_title":"Lutecio - Medika","og_description":"Lutecio Terapia y Diagn\u00f3stico El t\u00e9rmino teragnosis es una combinaci\u00f3n de dos palabras: terapia y diagn\u00f3stico. Con una misma mol\u00e9cula se puede diagnosticar y tratar la enfermedad. La estrategia, utilizada durante d\u00e9cadas contra el c\u00e1ncer de tiroides, se emplea ahora con resultados prometedores en otros tumores, como los tumores neuroendocrinos (TNE) y el c\u00e1ncer de [...]","og_url":"https:\/\/www.medika.ec\/?page_id=4033","og_site_name":"Medika","article_modified_time":"2024-07-03T20:07:30+00:00","og_image":[{"url":"https:\/\/www.medika.ec\/wp-content\/uploads\/2024\/07\/cropped-Caso-Real-CUDIM-Teragnosis-noticia-31-del-3-1024x512.png","type":"","width":"","height":""}],"twitter_card":"summary_large_image","twitter_misc":{"Tiempo de lectura":"3 minutos"},"schema":{"@context":"https:\/\/schema.org","@graph":[{"@type":"WebPage","@id":"https:\/\/www.medika.ec\/?page_id=4033","url":"https:\/\/www.medika.ec\/?page_id=4033","name":"Lutecio - Medika","isPartOf":{"@id":"https:\/\/www.medika.ec\/#website"},"primaryImageOfPage":{"@id":"https:\/\/www.medika.ec\/?page_id=4033#primaryimage"},"image":{"@id":"https:\/\/www.medika.ec\/?page_id=4033#primaryimage"},"thumbnailUrl":"https:\/\/www.medika.ec\/wp-content\/uploads\/2024\/07\/cropped-Caso-Real-CUDIM-Teragnosis-noticia-31-del-3-1024x512.png","datePublished":"2024-07-03T19:43:25+00:00","dateModified":"2024-07-03T20:07:30+00:00","breadcrumb":{"@id":"https:\/\/www.medika.ec\/?page_id=4033#breadcrumb"},"inLanguage":"es","potentialAction":[{"@type":"ReadAction","target":["https:\/\/www.medika.ec\/?page_id=4033"]}]},{"@type":"ImageObject","inLanguage":"es","@id":"https:\/\/www.medika.ec\/?page_id=4033#primaryimage","url":"https:\/\/www.medika.ec\/wp-content\/uploads\/2024\/07\/cropped-Caso-Real-CUDIM-Teragnosis-noticia-31-del-3.png","contentUrl":"https:\/\/www.medika.ec\/wp-content\/uploads\/2024\/07\/cropped-Caso-Real-CUDIM-Teragnosis-noticia-31-del-3.png","width":1163,"height":581},{"@type":"BreadcrumbList","@id":"https:\/\/www.medika.ec\/?page_id=4033#breadcrumb","itemListElement":[{"@type":"ListItem","position":1,"name":"Portada","item":"https:\/\/www.medika.ec\/"},{"@type":"ListItem","position":2,"name":"Lutecio"}]},{"@type":"WebSite","@id":"https:\/\/www.medika.ec\/#website","url":"https:\/\/www.medika.ec\/","name":"Medika","description":"Medical Technology","potentialAction":[{"@type":"SearchAction","target":{"@type":"EntryPoint","urlTemplate":"https:\/\/www.medika.ec\/?s={search_term_string}"},"query-input":{"@type":"PropertyValueSpecification","valueRequired":true,"valueName":"search_term_string"}}],"inLanguage":"es"}]}},"_links":{"self":[{"href":"https:\/\/www.medika.ec\/index.php?rest_route=\/wp\/v2\/pages\/4033","targetHints":{"allow":["GET"]}}],"collection":[{"href":"https:\/\/www.medika.ec\/index.php?rest_route=\/wp\/v2\/pages"}],"about":[{"href":"https:\/\/www.medika.ec\/index.php?rest_route=\/wp\/v2\/types\/page"}],"author":[{"embeddable":true,"href":"https:\/\/www.medika.ec\/index.php?rest_route=\/wp\/v2\/users\/1"}],"replies":[{"embeddable":true,"href":"https:\/\/www.medika.ec\/index.php?rest_route=%2Fwp%2Fv2%2Fcomments&post=4033"}],"version-history":[{"count":10,"href":"https:\/\/www.medika.ec\/index.php?rest_route=\/wp\/v2\/pages\/4033\/revisions"}],"predecessor-version":[{"id":4044,"href":"https:\/\/www.medika.ec\/index.php?rest_route=\/wp\/v2\/pages\/4033\/revisions\/4044"}],"wp:attachment":[{"href":"https:\/\/www.medika.ec\/index.php?rest_route=%2Fwp%2Fv2%2Fmedia&parent=4033"}],"curies":[{"name":"wp","href":"https:\/\/api.w.org\/{rel}","templated":true}]}}