{"id":4014,"date":"2024-07-02T09:18:15","date_gmt":"2024-07-02T14:18:15","guid":{"rendered":"https:\/\/www.medika.ec\/?page_id=4014"},"modified":"2024-07-03T15:07:40","modified_gmt":"2024-07-03T20:07:40","slug":"tecnecio","status":"publish","type":"page","link":"https:\/\/www.medika.ec\/?page_id=4014","title":{"rendered":"Tecnecio"},"content":{"rendered":"\t\t<div data-elementor-type=\"wp-page\" data-elementor-id=\"4014\" class=\"elementor elementor-4014\">\n\t\t\t\t\t\t<section class=\"elementor-section elementor-top-section elementor-element elementor-element-cef01c3 elementor-section-full_width elementor-section-height-min-height elementor-section-stretched elementor-section-height-default elementor-section-items-middle\" data-id=\"cef01c3\" data-element_type=\"section\" data-e-type=\"section\" data-settings=\"{&quot;stretch_section&quot;:&quot;section-stretched&quot;,&quot;background_background&quot;:&quot;classic&quot;}\">\n\t\t\t\t\t\t\t<div class=\"elementor-background-overlay\"><\/div>\n\t\t\t\t\t\t\t<div class=\"elementor-container elementor-column-gap-default\">\n\t\t\t\t\t<div class=\"elementor-column elementor-col-100 elementor-top-column elementor-element elementor-element-d9dec47\" data-id=\"d9dec47\" data-element_type=\"column\" data-e-type=\"column\">\n\t\t\t<div class=\"elementor-widget-wrap elementor-element-populated\">\n\t\t\t\t\t\t<div class=\"elementor-element elementor-element-f9f0d59 elementor-widget elementor-widget-heading\" data-id=\"f9f0d59\" data-element_type=\"widget\" data-e-type=\"widget\" data-widget_type=\"heading.default\">\n\t\t\t\t<div class=\"elementor-widget-container\">\n\t\t\t\t\t<h2 class=\"elementor-heading-title elementor-size-default\">Tecnecio<\/h2>\t\t\t\t<\/div>\n\t\t\t\t<\/div>\n\t\t\t\t\t<\/div>\n\t\t<\/div>\n\t\t\t\t\t<\/div>\n\t\t<\/section>\n\t\t\t\t<section class=\"elementor-section elementor-top-section elementor-element elementor-element-46b83e41 elementor-section-content-middle elementor-section-height-min-height elementor-section-boxed elementor-section-height-default elementor-section-items-middle\" data-id=\"46b83e41\" data-element_type=\"section\" data-e-type=\"section\">\n\t\t\t\t\t\t<div class=\"elementor-container elementor-column-gap-wider\">\n\t\t\t\t\t<div class=\"elementor-column elementor-col-50 elementor-top-column elementor-element elementor-element-5d8f8a88\" data-id=\"5d8f8a88\" data-element_type=\"column\" data-e-type=\"column\">\n\t\t\t<div class=\"elementor-widget-wrap elementor-element-populated\">\n\t\t\t\t\t\t<div class=\"elementor-element elementor-element-37b46dd elementor-widget elementor-widget-image\" data-id=\"37b46dd\" data-element_type=\"widget\" data-e-type=\"widget\" data-widget_type=\"image.default\">\n\t\t\t\t<div class=\"elementor-widget-container\">\n\t\t\t\t\t\t\t\t\t\t\t\t\t\t\t<img fetchpriority=\"high\" decoding=\"async\" width=\"1020\" height=\"948\" src=\"https:\/\/www.medika.ec\/wp-content\/uploads\/2024\/07\/Tekcis-Generateur-1024x952.webp\" class=\"attachment-large size-large wp-image-4021\" alt=\"\" srcset=\"https:\/\/www.medika.ec\/wp-content\/uploads\/2024\/07\/Tekcis-Generateur-1024x952.webp 1024w, https:\/\/www.medika.ec\/wp-content\/uploads\/2024\/07\/Tekcis-Generateur-300x279.webp 300w, https:\/\/www.medika.ec\/wp-content\/uploads\/2024\/07\/Tekcis-Generateur-768x714.webp 768w, https:\/\/www.medika.ec\/wp-content\/uploads\/2024\/07\/Tekcis-Generateur.webp 1173w\" sizes=\"(max-width: 1020px) 100vw, 1020px\" \/>\t\t\t\t\t\t\t\t\t\t\t\t\t\t\t<\/div>\n\t\t\t\t<\/div>\n\t\t\t\t\t<\/div>\n\t\t<\/div>\n\t\t\t\t<div class=\"elementor-column elementor-col-50 elementor-top-column elementor-element elementor-element-74642bb6\" data-id=\"74642bb6\" data-element_type=\"column\" data-e-type=\"column\">\n\t\t\t<div class=\"elementor-widget-wrap elementor-element-populated\">\n\t\t\t\t\t\t<div class=\"elementor-element elementor-element-54bbf2ed elementor-widget elementor-widget-heading\" data-id=\"54bbf2ed\" data-element_type=\"widget\" data-e-type=\"widget\" data-widget_type=\"heading.default\">\n\t\t\t\t<div class=\"elementor-widget-container\">\n\t\t\t\t\t<h2 class=\"elementor-heading-title elementor-size-default\">Tecnecio<\/h2>\t\t\t\t<\/div>\n\t\t\t\t<\/div>\n\t\t\t\t<div class=\"elementor-element elementor-element-df0607 elementor-widget-divider--view-line elementor-widget elementor-widget-divider\" data-id=\"df0607\" data-element_type=\"widget\" data-e-type=\"widget\" data-widget_type=\"divider.default\">\n\t\t\t\t<div class=\"elementor-widget-container\">\n\t\t\t\t\t\t\t<div class=\"elementor-divider\">\n\t\t\t<span class=\"elementor-divider-separator\">\n\t\t\t\t\t\t<\/span>\n\t\t<\/div>\n\t\t\t\t\t\t<\/div>\n\t\t\t\t<\/div>\n\t\t\t\t<div class=\"elementor-element elementor-element-7d5c518 elementor-widget elementor-widget-text-editor\" data-id=\"7d5c518\" data-element_type=\"widget\" data-e-type=\"widget\" data-widget_type=\"text-editor.default\">\n\t\t\t\t<div class=\"elementor-widget-container\">\n\t\t\t\t\t\t\t\t\t<h4 class=\"med-title sans-alt fx fade-in roll-up animated\">Molibdato de sodio (Mo-99) 2,5- 60 GBq correspondientes a Pertecnetato de sodio (Tc-99m) 2 &#8211; 50 GBq, generador de radionucleidos<\/h4>\t\t\t\t\t\t\t\t<\/div>\n\t\t\t\t<\/div>\n\t\t\t\t<div class=\"elementor-element elementor-element-e6dd9ee elementor-widget elementor-widget-text-editor\" data-id=\"e6dd9ee\" data-element_type=\"widget\" data-e-type=\"widget\" data-widget_type=\"text-editor.default\">\n\t\t\t\t<div class=\"elementor-widget-container\">\n\t\t\t\t\t\t\t\t\t<p>Tenga en cuenta que estamos reduciendo de 10 a 7 el n\u00famero de viales de eluci\u00f3n. Este cambio se introducir\u00e1 gradualmente en los mercados, en funci\u00f3n de las existencias restantes de envases de 10 viales, a partir de septiembre de 2023.<\/p>\t\t\t\t\t\t\t\t<\/div>\n\t\t\t\t<\/div>\n\t\t\t\t<section class=\"elementor-section elementor-inner-section elementor-element elementor-element-2ace0077 elementor-section-content-middle elementor-section-full_width elementor-section-height-default elementor-section-height-default\" data-id=\"2ace0077\" data-element_type=\"section\" data-e-type=\"section\">\n\t\t\t\t\t\t<div class=\"elementor-container elementor-column-gap-extended\">\n\t\t\t\t\t<div class=\"elementor-column elementor-col-50 elementor-inner-column elementor-element elementor-element-1f196014\" data-id=\"1f196014\" data-element_type=\"column\" data-e-type=\"column\">\n\t\t\t<div class=\"elementor-widget-wrap elementor-element-populated\">\n\t\t\t\t\t\t<div class=\"elementor-element elementor-element-2517f564 elementor-tablet-align-justify elementor-widget__width-initial elementor-widget elementor-widget-button\" data-id=\"2517f564\" data-element_type=\"widget\" data-e-type=\"widget\" data-widget_type=\"button.default\">\n\t\t\t\t<div class=\"elementor-widget-container\">\n\t\t\t\t\t\t\t\t\t<div class=\"elementor-button-wrapper\">\n\t\t\t\t\t<a class=\"elementor-button elementor-button-link elementor-size-md elementor-animation-float\" href=\"https:\/\/www.medika.ec\/3d-flip-book\/instrucciones-para-el-uso\/\" target=\"_blank\">\n\t\t\t\t\t\t<span class=\"elementor-button-content-wrapper\">\n\t\t\t\t\t\t\t\t\t<span class=\"elementor-button-text\">Ver Detalles de uso <\/span>\n\t\t\t\t\t<\/span>\n\t\t\t\t\t<\/a>\n\t\t\t\t<\/div>\n\t\t\t\t\t\t\t\t<\/div>\n\t\t\t\t<\/div>\n\t\t\t\t\t<\/div>\n\t\t<\/div>\n\t\t\t\t<div class=\"elementor-column elementor-col-50 elementor-inner-column elementor-element elementor-element-505b4ee\" data-id=\"505b4ee\" data-element_type=\"column\" data-e-type=\"column\">\n\t\t\t<div class=\"elementor-widget-wrap elementor-element-populated\">\n\t\t\t\t\t\t<div class=\"elementor-element elementor-element-67e0948 elementor-tablet-align-justify elementor-widget__width-initial elementor-widget elementor-widget-button\" data-id=\"67e0948\" data-element_type=\"widget\" data-e-type=\"widget\" data-widget_type=\"button.default\">\n\t\t\t\t<div class=\"elementor-widget-container\">\n\t\t\t\t\t\t\t\t\t<div class=\"elementor-button-wrapper\">\n\t\t\t\t\t<a class=\"elementor-button elementor-button-link elementor-size-xl elementor-animation-float\" href=\"https:\/\/www.medika.ec\/3d-flip-book\/ficha-tecnica\/\" target=\"_blank\">\n\t\t\t\t\t\t<span class=\"elementor-button-content-wrapper\">\n\t\t\t\t\t\t\t\t\t<span class=\"elementor-button-text\">FICHA T\u00c9CNICA<\/span>\n\t\t\t\t\t<\/span>\n\t\t\t\t\t<\/a>\n\t\t\t\t<\/div>\n\t\t\t\t\t\t\t\t<\/div>\n\t\t\t\t<\/div>\n\t\t\t\t\t<\/div>\n\t\t<\/div>\n\t\t\t\t\t<\/div>\n\t\t<\/section>\n\t\t\t\t\t<\/div>\n\t\t<\/div>\n\t\t\t\t\t<\/div>\n\t\t<\/section>\n\t\t\t\t<\/div>\n\t\t","protected":false},"excerpt":{"rendered":"<p>Tecnecio Tecnecio Molibdato de sodio (Mo-99) 2,5- 60 GBq correspondientes a Pertecnetato de sodio (Tc-99m) 2 &#8211; 50 GBq, generador de radionucleidos Tenga en cuenta que estamos reduciendo de 10 a 7 el n\u00famero de viales de eluci\u00f3n. Este cambio se introducir\u00e1 gradualmente en los mercados, en funci\u00f3n de las existencias restantes de envases de [&#8230;]\n","protected":false},"author":1,"featured_media":0,"parent":0,"menu_order":0,"comment_status":"closed","ping_status":"closed","template":"","meta":{"footnotes":""},"class_list":["post-4014","page","type-page","status-publish","hentry"],"yoast_head":"<!-- This site is optimized with the Yoast SEO plugin v27.1.1 - https:\/\/yoast.com\/product\/yoast-seo-wordpress\/ -->\n<title>Tecnecio - Medika<\/title>\n<meta name=\"robots\" content=\"index, follow, max-snippet:-1, max-image-preview:large, max-video-preview:-1\" \/>\n<link rel=\"canonical\" href=\"https:\/\/www.medika.ec\/?page_id=4014\" \/>\n<meta property=\"og:locale\" content=\"es_ES\" \/>\n<meta property=\"og:type\" content=\"article\" \/>\n<meta property=\"og:title\" content=\"Tecnecio - Medika\" \/>\n<meta property=\"og:description\" content=\"Tecnecio Tecnecio Molibdato de sodio (Mo-99) 2,5- 60 GBq correspondientes a Pertecnetato de sodio (Tc-99m) 2 &#8211; 50 GBq, generador de radionucleidos Tenga en cuenta que estamos reduciendo de 10 a 7 el n\u00famero de viales de eluci\u00f3n. Este cambio se introducir\u00e1 gradualmente en los mercados, en funci\u00f3n de las existencias restantes de envases de [...]\" \/>\n<meta property=\"og:url\" content=\"https:\/\/www.medika.ec\/?page_id=4014\" \/>\n<meta property=\"og:site_name\" content=\"Medika\" \/>\n<meta property=\"article:modified_time\" content=\"2024-07-03T20:07:40+00:00\" \/>\n<meta property=\"og:image\" content=\"https:\/\/www.medika.ec\/wp-content\/uploads\/2024\/07\/Tekcis-Generateur-1024x952.webp\" \/>\n<meta name=\"twitter:card\" content=\"summary_large_image\" \/>\n<meta name=\"twitter:label1\" content=\"Tiempo de lectura\" \/>\n\t<meta name=\"twitter:data1\" content=\"1 minuto\" \/>\n<script type=\"application\/ld+json\" class=\"yoast-schema-graph\">{\"@context\":\"https:\/\/schema.org\",\"@graph\":[{\"@type\":\"WebPage\",\"@id\":\"https:\/\/www.medika.ec\/?page_id=4014\",\"url\":\"https:\/\/www.medika.ec\/?page_id=4014\",\"name\":\"Tecnecio - Medika\",\"isPartOf\":{\"@id\":\"https:\/\/www.medika.ec\/#website\"},\"primaryImageOfPage\":{\"@id\":\"https:\/\/www.medika.ec\/?page_id=4014#primaryimage\"},\"image\":{\"@id\":\"https:\/\/www.medika.ec\/?page_id=4014#primaryimage\"},\"thumbnailUrl\":\"https:\/\/www.medika.ec\/wp-content\/uploads\/2024\/07\/Tekcis-Generateur-1024x952.webp\",\"datePublished\":\"2024-07-02T14:18:15+00:00\",\"dateModified\":\"2024-07-03T20:07:40+00:00\",\"breadcrumb\":{\"@id\":\"https:\/\/www.medika.ec\/?page_id=4014#breadcrumb\"},\"inLanguage\":\"es\",\"potentialAction\":[{\"@type\":\"ReadAction\",\"target\":[\"https:\/\/www.medika.ec\/?page_id=4014\"]}]},{\"@type\":\"ImageObject\",\"inLanguage\":\"es\",\"@id\":\"https:\/\/www.medika.ec\/?page_id=4014#primaryimage\",\"url\":\"https:\/\/www.medika.ec\/wp-content\/uploads\/2024\/07\/Tekcis-Generateur.webp\",\"contentUrl\":\"https:\/\/www.medika.ec\/wp-content\/uploads\/2024\/07\/Tekcis-Generateur.webp\",\"width\":1173,\"height\":1090},{\"@type\":\"BreadcrumbList\",\"@id\":\"https:\/\/www.medika.ec\/?page_id=4014#breadcrumb\",\"itemListElement\":[{\"@type\":\"ListItem\",\"position\":1,\"name\":\"Portada\",\"item\":\"https:\/\/www.medika.ec\/\"},{\"@type\":\"ListItem\",\"position\":2,\"name\":\"Tecnecio\"}]},{\"@type\":\"WebSite\",\"@id\":\"https:\/\/www.medika.ec\/#website\",\"url\":\"https:\/\/www.medika.ec\/\",\"name\":\"Medika\",\"description\":\"Medical Technology\",\"potentialAction\":[{\"@type\":\"SearchAction\",\"target\":{\"@type\":\"EntryPoint\",\"urlTemplate\":\"https:\/\/www.medika.ec\/?s={search_term_string}\"},\"query-input\":{\"@type\":\"PropertyValueSpecification\",\"valueRequired\":true,\"valueName\":\"search_term_string\"}}],\"inLanguage\":\"es\"}]}<\/script>\n<!-- \/ Yoast SEO plugin. -->","yoast_head_json":{"title":"Tecnecio - Medika","robots":{"index":"index","follow":"follow","max-snippet":"max-snippet:-1","max-image-preview":"max-image-preview:large","max-video-preview":"max-video-preview:-1"},"canonical":"https:\/\/www.medika.ec\/?page_id=4014","og_locale":"es_ES","og_type":"article","og_title":"Tecnecio - Medika","og_description":"Tecnecio Tecnecio Molibdato de sodio (Mo-99) 2,5- 60 GBq correspondientes a Pertecnetato de sodio (Tc-99m) 2 &#8211; 50 GBq, generador de radionucleidos Tenga en cuenta que estamos reduciendo de 10 a 7 el n\u00famero de viales de eluci\u00f3n. Este cambio se introducir\u00e1 gradualmente en los mercados, en funci\u00f3n de las existencias restantes de envases de [...]","og_url":"https:\/\/www.medika.ec\/?page_id=4014","og_site_name":"Medika","article_modified_time":"2024-07-03T20:07:40+00:00","og_image":[{"url":"https:\/\/www.medika.ec\/wp-content\/uploads\/2024\/07\/Tekcis-Generateur-1024x952.webp","type":"","width":"","height":""}],"twitter_card":"summary_large_image","twitter_misc":{"Tiempo de lectura":"1 minuto"},"schema":{"@context":"https:\/\/schema.org","@graph":[{"@type":"WebPage","@id":"https:\/\/www.medika.ec\/?page_id=4014","url":"https:\/\/www.medika.ec\/?page_id=4014","name":"Tecnecio - Medika","isPartOf":{"@id":"https:\/\/www.medika.ec\/#website"},"primaryImageOfPage":{"@id":"https:\/\/www.medika.ec\/?page_id=4014#primaryimage"},"image":{"@id":"https:\/\/www.medika.ec\/?page_id=4014#primaryimage"},"thumbnailUrl":"https:\/\/www.medika.ec\/wp-content\/uploads\/2024\/07\/Tekcis-Generateur-1024x952.webp","datePublished":"2024-07-02T14:18:15+00:00","dateModified":"2024-07-03T20:07:40+00:00","breadcrumb":{"@id":"https:\/\/www.medika.ec\/?page_id=4014#breadcrumb"},"inLanguage":"es","potentialAction":[{"@type":"ReadAction","target":["https:\/\/www.medika.ec\/?page_id=4014"]}]},{"@type":"ImageObject","inLanguage":"es","@id":"https:\/\/www.medika.ec\/?page_id=4014#primaryimage","url":"https:\/\/www.medika.ec\/wp-content\/uploads\/2024\/07\/Tekcis-Generateur.webp","contentUrl":"https:\/\/www.medika.ec\/wp-content\/uploads\/2024\/07\/Tekcis-Generateur.webp","width":1173,"height":1090},{"@type":"BreadcrumbList","@id":"https:\/\/www.medika.ec\/?page_id=4014#breadcrumb","itemListElement":[{"@type":"ListItem","position":1,"name":"Portada","item":"https:\/\/www.medika.ec\/"},{"@type":"ListItem","position":2,"name":"Tecnecio"}]},{"@type":"WebSite","@id":"https:\/\/www.medika.ec\/#website","url":"https:\/\/www.medika.ec\/","name":"Medika","description":"Medical Technology","potentialAction":[{"@type":"SearchAction","target":{"@type":"EntryPoint","urlTemplate":"https:\/\/www.medika.ec\/?s={search_term_string}"},"query-input":{"@type":"PropertyValueSpecification","valueRequired":true,"valueName":"search_term_string"}}],"inLanguage":"es"}]}},"_links":{"self":[{"href":"https:\/\/www.medika.ec\/index.php?rest_route=\/wp\/v2\/pages\/4014","targetHints":{"allow":["GET"]}}],"collection":[{"href":"https:\/\/www.medika.ec\/index.php?rest_route=\/wp\/v2\/pages"}],"about":[{"href":"https:\/\/www.medika.ec\/index.php?rest_route=\/wp\/v2\/types\/page"}],"author":[{"embeddable":true,"href":"https:\/\/www.medika.ec\/index.php?rest_route=\/wp\/v2\/users\/1"}],"replies":[{"embeddable":true,"href":"https:\/\/www.medika.ec\/index.php?rest_route=%2Fwp%2Fv2%2Fcomments&post=4014"}],"version-history":[{"count":13,"href":"https:\/\/www.medika.ec\/index.php?rest_route=\/wp\/v2\/pages\/4014\/revisions"}],"predecessor-version":[{"id":4047,"href":"https:\/\/www.medika.ec\/index.php?rest_route=\/wp\/v2\/pages\/4014\/revisions\/4047"}],"wp:attachment":[{"href":"https:\/\/www.medika.ec\/index.php?rest_route=%2Fwp%2Fv2%2Fmedia&parent=4014"}],"curies":[{"name":"wp","href":"https:\/\/api.w.org\/{rel}","templated":true}]}}