{"id":1358,"date":"2021-07-22T12:07:52","date_gmt":"2021-07-22T17:07:52","guid":{"rendered":"https:\/\/www.medika.ec\/?page_id=1358"},"modified":"2021-07-22T14:58:28","modified_gmt":"2021-07-22T19:58:28","slug":"mamografias","status":"publish","type":"page","link":"https:\/\/www.medika.ec\/?page_id=1358","title":{"rendered":"Mamograf\u00edas"},"content":{"rendered":"\t\t<div data-elementor-type=\"wp-page\" data-elementor-id=\"1358\" class=\"elementor elementor-1358\">\n\t\t\t\t\t\t<section class=\"elementor-section elementor-top-section elementor-element elementor-element-b1ae8cd elementor-section-boxed elementor-section-height-default elementor-section-height-default\" data-id=\"b1ae8cd\" data-element_type=\"section\" data-e-type=\"section\">\n\t\t\t\t\t\t<div class=\"elementor-container elementor-column-gap-default\">\n\t\t\t\t\t<div class=\"elementor-column elementor-col-100 elementor-top-column elementor-element elementor-element-cdc352b\" data-id=\"cdc352b\" data-element_type=\"column\" data-e-type=\"column\">\n\t\t\t<div class=\"elementor-widget-wrap elementor-element-populated\">\n\t\t\t\t\t\t<div class=\"elementor-element elementor-element-06eb40f elementor-widget elementor-widget-flip-box\" data-id=\"06eb40f\" data-element_type=\"widget\" data-e-type=\"widget\" data-widget_type=\"flip-box.default\">\n\t\t\t\t<div class=\"elementor-widget-container\">\n\t\t\t\t\t \t\t\t\t<\/div>\n\t\t\t\t<\/div>\n\t\t\t\t\t<\/div>\n\t\t<\/div>\n\t\t\t\t\t<\/div>\n\t\t<\/section>\n\t\t\t\t<section class=\"elementor-section elementor-top-section elementor-element elementor-element-e5ca641 elementor-section-boxed elementor-section-height-default elementor-section-height-default\" data-id=\"e5ca641\" data-element_type=\"section\" data-e-type=\"section\">\n\t\t\t\t\t\t<div class=\"elementor-container elementor-column-gap-default\">\n\t\t\t\t\t<div class=\"elementor-column elementor-col-100 elementor-top-column elementor-element elementor-element-8db6460\" data-id=\"8db6460\" data-element_type=\"column\" data-e-type=\"column\">\n\t\t\t<div class=\"elementor-widget-wrap elementor-element-populated\">\n\t\t\t\t\t\t<div class=\"elementor-element elementor-element-c93bb74 elementor-widget elementor-widget-flip-box\" data-id=\"c93bb74\" data-element_type=\"widget\" data-e-type=\"widget\" data-widget_type=\"flip-box.default\">\n\t\t\t\t<div class=\"elementor-widget-container\">\n\t\t\t\t\t \t\t\t\t<\/div>\n\t\t\t\t<\/div>\n\t\t\t\t<div class=\"elementor-element elementor-element-ba19f84 elementor-widget elementor-widget-flip-box\" data-id=\"ba19f84\" data-element_type=\"widget\" data-e-type=\"widget\" data-widget_type=\"flip-box.default\">\n\t\t\t\t<div class=\"elementor-widget-container\">\n\t\t\t\t\t \t\t\t\t<\/div>\n\t\t\t\t<\/div>\n\t\t\t\t\t<\/div>\n\t\t<\/div>\n\t\t\t\t\t<\/div>\n\t\t<\/section>\n\t\t\t\t<\/div>\n\t\t","protected":false},"excerpt":{"rendered":"<p>Shenzhen Angell Technology Serie de mamograf\u00edas digitales Tecnolog\u00eda de detector de mamograf\u00eda de panel plano de tama\u00f1o completo coordinada con tubo Mo o W AIDIA TD (Indirect) AIDIA TrueDefine :High-Resolution Indirect type (CsI) Full-field Mammography System Ver M\u00e1s AIDIA UD (Direct) AIDIA Ultimate Define: Direct type (a-Se) Full-field Mammography System Ver M\u00e1s<\/p>\n","protected":false},"author":1,"featured_media":0,"parent":0,"menu_order":0,"comment_status":"closed","ping_status":"closed","template":"","meta":{"footnotes":""},"class_list":["post-1358","page","type-page","status-publish","hentry"],"yoast_head":"<!-- This site is optimized with the Yoast SEO plugin v27.1.1 - https:\/\/yoast.com\/product\/yoast-seo-wordpress\/ -->\n<title>Mamograf\u00edas - Medika<\/title>\n<meta name=\"robots\" content=\"index, follow, max-snippet:-1, max-image-preview:large, max-video-preview:-1\" \/>\n<link rel=\"canonical\" href=\"https:\/\/www.medika.ec\/?page_id=1358\" \/>\n<meta property=\"og:locale\" content=\"es_ES\" \/>\n<meta property=\"og:type\" content=\"article\" \/>\n<meta property=\"og:title\" content=\"Mamograf\u00edas - Medika\" \/>\n<meta property=\"og:description\" content=\"Shenzhen Angell Technology Serie de mamograf\u00edas digitales Tecnolog\u00eda de detector de mamograf\u00eda de panel plano de tama\u00f1o completo coordinada con tubo Mo o W AIDIA TD (Indirect) AIDIA TrueDefine :High-Resolution Indirect type (CsI) Full-field Mammography System Ver M\u00e1s AIDIA UD (Direct) AIDIA Ultimate Define: Direct type (a-Se) Full-field Mammography System Ver M\u00e1s\" \/>\n<meta property=\"og:url\" content=\"https:\/\/www.medika.ec\/?page_id=1358\" \/>\n<meta property=\"og:site_name\" content=\"Medika\" \/>\n<meta property=\"article:modified_time\" content=\"2021-07-22T19:58:28+00:00\" \/>\n<meta property=\"og:image\" content=\"https:\/\/www.medika.ec\/wp-content\/uploads\/2021\/07\/202008101758515851.png\" \/>\n<meta name=\"twitter:card\" content=\"summary_large_image\" \/>\n<meta name=\"twitter:label1\" content=\"Tiempo de lectura\" \/>\n\t<meta name=\"twitter:data1\" content=\"1 minuto\" \/>\n<script type=\"application\/ld+json\" class=\"yoast-schema-graph\">{\"@context\":\"https:\/\/schema.org\",\"@graph\":[{\"@type\":\"WebPage\",\"@id\":\"https:\/\/www.medika.ec\/?page_id=1358\",\"url\":\"https:\/\/www.medika.ec\/?page_id=1358\",\"name\":\"Mamograf\u00edas - Medika\",\"isPartOf\":{\"@id\":\"https:\/\/www.medika.ec\/#website\"},\"primaryImageOfPage\":{\"@id\":\"https:\/\/www.medika.ec\/?page_id=1358#primaryimage\"},\"image\":{\"@id\":\"https:\/\/www.medika.ec\/?page_id=1358#primaryimage\"},\"thumbnailUrl\":\"https:\/\/www.medika.ec\/wp-content\/uploads\/2021\/07\/202008101758515851.png\",\"datePublished\":\"2021-07-22T17:07:52+00:00\",\"dateModified\":\"2021-07-22T19:58:28+00:00\",\"breadcrumb\":{\"@id\":\"https:\/\/www.medika.ec\/?page_id=1358#breadcrumb\"},\"inLanguage\":\"es\",\"potentialAction\":[{\"@type\":\"ReadAction\",\"target\":[\"https:\/\/www.medika.ec\/?page_id=1358\"]}]},{\"@type\":\"ImageObject\",\"inLanguage\":\"es\",\"@id\":\"https:\/\/www.medika.ec\/?page_id=1358#primaryimage\",\"url\":\"https:\/\/www.medika.ec\/wp-content\/uploads\/2021\/07\/202008101758515851.png\",\"contentUrl\":\"https:\/\/www.medika.ec\/wp-content\/uploads\/2021\/07\/202008101758515851.png\",\"width\":704,\"height\":811},{\"@type\":\"BreadcrumbList\",\"@id\":\"https:\/\/www.medika.ec\/?page_id=1358#breadcrumb\",\"itemListElement\":[{\"@type\":\"ListItem\",\"position\":1,\"name\":\"Portada\",\"item\":\"https:\/\/www.medika.ec\/\"},{\"@type\":\"ListItem\",\"position\":2,\"name\":\"Mamograf\u00edas\"}]},{\"@type\":\"WebSite\",\"@id\":\"https:\/\/www.medika.ec\/#website\",\"url\":\"https:\/\/www.medika.ec\/\",\"name\":\"Medika\",\"description\":\"Medical Technology\",\"potentialAction\":[{\"@type\":\"SearchAction\",\"target\":{\"@type\":\"EntryPoint\",\"urlTemplate\":\"https:\/\/www.medika.ec\/?s={search_term_string}\"},\"query-input\":{\"@type\":\"PropertyValueSpecification\",\"valueRequired\":true,\"valueName\":\"search_term_string\"}}],\"inLanguage\":\"es\"}]}<\/script>\n<!-- \/ Yoast SEO plugin. -->","yoast_head_json":{"title":"Mamograf\u00edas - Medika","robots":{"index":"index","follow":"follow","max-snippet":"max-snippet:-1","max-image-preview":"max-image-preview:large","max-video-preview":"max-video-preview:-1"},"canonical":"https:\/\/www.medika.ec\/?page_id=1358","og_locale":"es_ES","og_type":"article","og_title":"Mamograf\u00edas - Medika","og_description":"Shenzhen Angell Technology Serie de mamograf\u00edas digitales Tecnolog\u00eda de detector de mamograf\u00eda de panel plano de tama\u00f1o completo coordinada con tubo Mo o W AIDIA TD (Indirect) AIDIA TrueDefine :High-Resolution Indirect type (CsI) Full-field Mammography System Ver M\u00e1s AIDIA UD (Direct) AIDIA Ultimate Define: Direct type (a-Se) Full-field Mammography System Ver M\u00e1s","og_url":"https:\/\/www.medika.ec\/?page_id=1358","og_site_name":"Medika","article_modified_time":"2021-07-22T19:58:28+00:00","og_image":[{"url":"https:\/\/www.medika.ec\/wp-content\/uploads\/2021\/07\/202008101758515851.png","type":"","width":"","height":""}],"twitter_card":"summary_large_image","twitter_misc":{"Tiempo de lectura":"1 minuto"},"schema":{"@context":"https:\/\/schema.org","@graph":[{"@type":"WebPage","@id":"https:\/\/www.medika.ec\/?page_id=1358","url":"https:\/\/www.medika.ec\/?page_id=1358","name":"Mamograf\u00edas - Medika","isPartOf":{"@id":"https:\/\/www.medika.ec\/#website"},"primaryImageOfPage":{"@id":"https:\/\/www.medika.ec\/?page_id=1358#primaryimage"},"image":{"@id":"https:\/\/www.medika.ec\/?page_id=1358#primaryimage"},"thumbnailUrl":"https:\/\/www.medika.ec\/wp-content\/uploads\/2021\/07\/202008101758515851.png","datePublished":"2021-07-22T17:07:52+00:00","dateModified":"2021-07-22T19:58:28+00:00","breadcrumb":{"@id":"https:\/\/www.medika.ec\/?page_id=1358#breadcrumb"},"inLanguage":"es","potentialAction":[{"@type":"ReadAction","target":["https:\/\/www.medika.ec\/?page_id=1358"]}]},{"@type":"ImageObject","inLanguage":"es","@id":"https:\/\/www.medika.ec\/?page_id=1358#primaryimage","url":"https:\/\/www.medika.ec\/wp-content\/uploads\/2021\/07\/202008101758515851.png","contentUrl":"https:\/\/www.medika.ec\/wp-content\/uploads\/2021\/07\/202008101758515851.png","width":704,"height":811},{"@type":"BreadcrumbList","@id":"https:\/\/www.medika.ec\/?page_id=1358#breadcrumb","itemListElement":[{"@type":"ListItem","position":1,"name":"Portada","item":"https:\/\/www.medika.ec\/"},{"@type":"ListItem","position":2,"name":"Mamograf\u00edas"}]},{"@type":"WebSite","@id":"https:\/\/www.medika.ec\/#website","url":"https:\/\/www.medika.ec\/","name":"Medika","description":"Medical Technology","potentialAction":[{"@type":"SearchAction","target":{"@type":"EntryPoint","urlTemplate":"https:\/\/www.medika.ec\/?s={search_term_string}"},"query-input":{"@type":"PropertyValueSpecification","valueRequired":true,"valueName":"search_term_string"}}],"inLanguage":"es"}]}},"_links":{"self":[{"href":"https:\/\/www.medika.ec\/index.php?rest_route=\/wp\/v2\/pages\/1358","targetHints":{"allow":["GET"]}}],"collection":[{"href":"https:\/\/www.medika.ec\/index.php?rest_route=\/wp\/v2\/pages"}],"about":[{"href":"https:\/\/www.medika.ec\/index.php?rest_route=\/wp\/v2\/types\/page"}],"author":[{"embeddable":true,"href":"https:\/\/www.medika.ec\/index.php?rest_route=\/wp\/v2\/users\/1"}],"replies":[{"embeddable":true,"href":"https:\/\/www.medika.ec\/index.php?rest_route=%2Fwp%2Fv2%2Fcomments&post=1358"}],"version-history":[{"count":19,"href":"https:\/\/www.medika.ec\/index.php?rest_route=\/wp\/v2\/pages\/1358\/revisions"}],"predecessor-version":[{"id":1425,"href":"https:\/\/www.medika.ec\/index.php?rest_route=\/wp\/v2\/pages\/1358\/revisions\/1425"}],"wp:attachment":[{"href":"https:\/\/www.medika.ec\/index.php?rest_route=%2Fwp%2Fv2%2Fmedia&parent=1358"}],"curies":[{"name":"wp","href":"https:\/\/api.w.org\/{rel}","templated":true}]}}